{"id":2,"date":"2007-01-20T21:33:50","date_gmt":"2007-01-20T19:33:50","guid":{"rendered":""},"modified":"2025-08-16T18:05:28","modified_gmt":"2025-08-16T16:05:28","slug":"despre","status":"publish","type":"page","link":"https:\/\/kul.ro\/blog\/despre\/","title":{"rendered":"despre"},"content":{"rendered":"<p>47 m buc \u00a0\/ cta . vezi \u015fi <a title=\"NM CV\" href=\"https:\/\/kul.ro\/cv\/\" target=\"_blank\" rel=\"noopener noreferrer\">aici<\/a>.<\/p>\n<p>\u00cen era ante-facebook este posibil s\u0103 m\u0103 recuno\u015fti \u015fi de prin diverse locuri de pierdut vremea pe Internetul \u0103sta precum: Kul, Oedip, IRCdrog, Kiul, kul_work, e-Rac, MotanulVrajitor, PorculBronzat, Tataie_de_veghe_in_LAN, Modjo-J0jo, huathar, gigix, kiul, happyppl, doru, nuvoiamunci, chefdemunca, ciurli_burli, kadabum, kartabos, kascarol, linistesipac, ciocoflender, MihaiDai, acetaldehid, Planemo, dimineatz, stuparsky, gigixy, mihaimn.<\/p>\n<p><strong>Kul<\/strong> a fost primul, prin&#8230; e-heee &#8217;97. Asemeni \u015fi cel mai longeviv. \u00censemna Gic\u0103-Contra sau anti-&#8220;cool&#8221;, de pe vremea c\u00e2nd toata lumea era un <em>_cool_boy_<\/em> sau o <em>^Cool_G|rl^<\/em>. Un fel de love &amp; hate, de trolling.<\/p>\n<p>Am ajuns s\u0103 scriu aici fragmentat, punctual &#8211; cu liniu\u0163e, din lene \u015fi alte lipsuri. Arareori dezvolt, ori motivat ori ca exerci\u0163iu stilistic. Dac\u0103 urm\u0103re\u015fti acest <em>timeline<\/em> de ceva timp \u015fi \u0163i se pare c\u0103 uneori lipsesc anumite buc\u0103\u0163i \u00eensemn\u0103 c\u0103 sunt scrise \u00een mod privat. Tot pe linia derog\u0103rii &#8211; fac multe modific\u0103ri, licen\u0163e poetice \u015fi gre\u015feli de ortografie. \u015ei este bine a\u015fa.<\/p>\n<p>\u015ei restul conecticii:<br \/>\n<a title=\"Facebook\" href=\"https:\/\/www.facebook.com\/mihaita.nita\" target=\"_blank\" rel=\"noopener noreferrer\"><img decoding=\"async\" style=\"border: 0;\" src=\"https:\/\/kul.ro\/blog\/icons\/facebook.png\" alt=\"\" border=\"0\" \/><\/a> <a title=\"Twitter\" href=\"https:\/\/www.twitter.com\/kul_work\" target=\"_blank\" rel=\"noopener noreferrer\"><img decoding=\"async\" style=\"border: 0;\" src=\"https:\/\/kul.ro\/blog\/icons\/twitter.png\" alt=\"\" border=\"0\" \/><\/a> <a title=\"Flickr\" href=\"https:\/\/www.flickr.com\/photos\/kul_work\" target=\"_blank\" rel=\"noopener noreferrer\"><img decoding=\"async\" style=\"border: 0;\" src=\"https:\/\/kul.ro\/blog\/icons\/flickr.png\" alt=\"\" border=\"0\" \/><\/a> <a title=\"Instagram\" href=\"https:\/\/www.instagram.com\/mihaimn\/\" target=\"_blank\" rel=\"noopener noreferrer\"><img decoding=\"async\" style=\"border: 0;\" src=\"https:\/\/kul.ro\/blog\/icons\/instagram.png\" alt=\"\" border=\"0\" \/><\/a> <a title=\"YouTube\" href=\"https:\/\/www.youtube.com\/user\/mihaitanita\" target=\"_blank\" rel=\"noopener noreferrer\"><img decoding=\"async\" style=\"border: 0;\" src=\"https:\/\/kul.ro\/blog\/icons\/youtube.png\" alt=\"\" border=\"0\" \/><\/a> <a title=\"Spotify\" href=\"https:\/\/open.spotify.com\/user\/317jx2il65bcqxn5o2zuhvqvqa2a\" target=\"_blank\" rel=\"noopener noreferrer\"><img decoding=\"async\" style=\"border: 0; width: 32px;\" src=\"https:\/\/kul.ro\/blog\/icons\/spotify.png\" alt=\"\" border=\"0\" \/><\/a><\/p>\n","protected":false},"excerpt":{"rendered":"<p>47 m buc \u00a0\/ cta . vezi \u015fi aici. \u00cen era ante-facebook este posibil s\u0103 m\u0103 recuno\u015fti \u015fi de prin diverse locuri de pierdut vremea pe Internetul \u0103sta precum: Kul, Oedip, IRCdrog, Kiul, kul_work, e-Rac, MotanulVrajitor, PorculBronzat, Tataie_de_veghe_in_LAN, Modjo-J0jo, huathar, gigix, kiul, happyppl, doru, nuvoiamunci, chefdemunca, ciurli_burli, kadabum, kartabos, kascarol, linistesipac, ciocoflender, MihaiDai, acetaldehid, Planemo, [&hellip;]<\/p>\n<a role=\"link\" class=\"rtp-readmore\" title=\"Read more on despre\" href=\"https:\/\/kul.ro\/blog\/despre\/\" rel=\"nofollow\">Read More &rarr;<\/a>","protected":false},"author":3,"featured_media":0,"parent":0,"menu_order":0,"comment_status":"closed","ping_status":"open","template":"","meta":{"footnotes":""},"class_list":["post-2","page","type-page","status-publish","hentry"],"_links":{"self":[{"href":"https:\/\/kul.ro\/blog\/wp-json\/wp\/v2\/pages\/2","targetHints":{"allow":["GET"]}}],"collection":[{"href":"https:\/\/kul.ro\/blog\/wp-json\/wp\/v2\/pages"}],"about":[{"href":"https:\/\/kul.ro\/blog\/wp-json\/wp\/v2\/types\/page"}],"author":[{"embeddable":true,"href":"https:\/\/kul.ro\/blog\/wp-json\/wp\/v2\/users\/3"}],"replies":[{"embeddable":true,"href":"https:\/\/kul.ro\/blog\/wp-json\/wp\/v2\/comments?post=2"}],"version-history":[{"count":4,"href":"https:\/\/kul.ro\/blog\/wp-json\/wp\/v2\/pages\/2\/revisions"}],"predecessor-version":[{"id":8857,"href":"https:\/\/kul.ro\/blog\/wp-json\/wp\/v2\/pages\/2\/revisions\/8857"}],"wp:attachment":[{"href":"https:\/\/kul.ro\/blog\/wp-json\/wp\/v2\/media?parent=2"}],"curies":[{"name":"wp","href":"https:\/\/api.w.org\/{rel}","templated":true}]}}