{"id":429,"date":"2009-05-25T12:34:15","date_gmt":"2009-05-25T10:34:15","guid":{"rendered":"https:\/\/kul.ro\/blog\/?page_id=429"},"modified":"2025-10-16T21:40:24","modified_gmt":"2025-10-16T19:40:24","slug":"meri-infloriti","status":"publish","type":"page","link":"https:\/\/kul.ro\/blog\/meri-infloriti\/","title":{"rendered":"meri \u00eenflori\u0163i"},"content":{"rendered":"<p><em>&#8211; 8 martie 2002 &#8211;<\/em><\/p>\n<p><a href=\"https:\/\/kul.ro\/blog\/wp-content\/uploads\/2009\/05\/urban_fantasy.jpg\"><img loading=\"lazy\" decoding=\"async\" src=\"https:\/\/kul.ro\/blog\/wp-content\/uploads\/2009\/05\/urban_fantasy.jpg\" alt=\"urban_fantasy\" title=\"urban_fantasy\" width=\"400\" height=\"300\" class=\"alignnone size-full wp-image-431\" srcset=\"https:\/\/kul.ro\/blog\/wp-content\/uploads\/2009\/05\/urban_fantasy.jpg 800w, https:\/\/kul.ro\/blog\/wp-content\/uploads\/2009\/05\/urban_fantasy-128x96.jpg 128w, https:\/\/kul.ro\/blog\/wp-content\/uploads\/2009\/05\/urban_fantasy-300x225.jpg 300w\" sizes=\"auto, (max-width: 400px) 100vw, 400px\" \/><\/a><\/p>\n<p>Faza lung\u0103: dup\u0103 ce am fost la o bere care s-a prelungit sfios la mai multe pahare de vorb\u0103, u\u015for ame\u0163it, afar\u0103 negru-prim\u0103v\u0103ratec. O vreme superb\u0103, parc\u0103 ar fi fost \u00eenceput de mai, iar iarna tocmai terminat\u0103 bl\u00e2nd. M\u0103 \u00eendreptam pe o alee p\u0103zit\u0103 de ni\u015fte blocuri cumin\u0163i spre o sta\u0163ie de taxiu ca s\u0103 ajung spre cas\u0103.<\/p>\n<p>Eh!: copaci \u00eenflori\u0163i &#8211; meri, cire\u015fi, vi\u015fini &#8211; superbi, sub ni\u015fte lampadare de un galben l\u0103ptos, b\u0103tea v\u00e2ntul \u015fi \u00eei scutura \u015fi curgeau-curgeau dalbii, dalbii. B\u0103tea v\u00e2ntul. Impresia unor nop\u0163i fantomatice japoneze \u00een care se strig\u0103 destine sau se iau hot\u0103r\u00e2ri mistice. Foarte impresionant, beat pu\u0163in \u015fi era lini\u015fte.<\/p>\n<p><em>&#8220;Dodo, m\u00e9tro, boulot&#8221;<\/em> &#8211; lipse\u015fte sacrul. Sacrul unor nop\u0163i mirifice de prim\u0103var\u0103, cu cer senin \u015fi meri \u00eenflori\u0163i, care curg pe str\u0103du\u0163e \u015fi pe alei. Este romantic.<\/p>\n","protected":false},"excerpt":{"rendered":"<p>&#8211; 8 martie 2002 &#8211; Faza lung\u0103: dup\u0103 ce am fost la o bere care s-a prelungit sfios la mai multe pahare de vorb\u0103, u\u015for ame\u0163it, afar\u0103 negru-prim\u0103v\u0103ratec. O vreme superb\u0103, parc\u0103 ar fi fost \u00eenceput de mai, iar iarna tocmai terminat\u0103 bl\u00e2nd. M\u0103 \u00eendreptam pe o alee p\u0103zit\u0103 de ni\u015fte blocuri cumin\u0163i spre o [&hellip;]<\/p>\n<a role=\"link\" class=\"rtp-readmore\" title=\"Read more on meri \u00eenflori\u0163i\" href=\"https:\/\/kul.ro\/blog\/meri-infloriti\/\" rel=\"nofollow\">Read More &rarr;<\/a>","protected":false},"author":3,"featured_media":0,"parent":0,"menu_order":0,"comment_status":"closed","ping_status":"closed","template":"","meta":{"footnotes":""},"class_list":["post-429","page","type-page","status-publish","hentry"],"_links":{"self":[{"href":"https:\/\/kul.ro\/blog\/wp-json\/wp\/v2\/pages\/429","targetHints":{"allow":["GET"]}}],"collection":[{"href":"https:\/\/kul.ro\/blog\/wp-json\/wp\/v2\/pages"}],"about":[{"href":"https:\/\/kul.ro\/blog\/wp-json\/wp\/v2\/types\/page"}],"author":[{"embeddable":true,"href":"https:\/\/kul.ro\/blog\/wp-json\/wp\/v2\/users\/3"}],"replies":[{"embeddable":true,"href":"https:\/\/kul.ro\/blog\/wp-json\/wp\/v2\/comments?post=429"}],"version-history":[{"count":3,"href":"https:\/\/kul.ro\/blog\/wp-json\/wp\/v2\/pages\/429\/revisions"}],"predecessor-version":[{"id":8861,"href":"https:\/\/kul.ro\/blog\/wp-json\/wp\/v2\/pages\/429\/revisions\/8861"}],"wp:attachment":[{"href":"https:\/\/kul.ro\/blog\/wp-json\/wp\/v2\/media?parent=429"}],"curies":[{"name":"wp","href":"https:\/\/api.w.org\/{rel}","templated":true}]}}